{"id":474,"date":"2017-03-10T10:39:04","date_gmt":"2017-03-10T10:39:04","guid":{"rendered":"http:\/\/wordpress.senneriffa.de\/?page_id=474"},"modified":"2017-06-05T16:01:17","modified_gmt":"2017-06-05T14:01:17","slug":"app","status":"publish","type":"page","link":"https:\/\/senneriffa.de\/nl\/app\/","title":{"rendered":"App"},"content":{"rendered":"<p>Die neue Internetseite der Familien-Sport-Gemeinschaft Bielefeld ist sowohl f\u00fcr die Nutzung auf Desktop-PCs und Laptops als auch auf mobilen Endger\u00e4ten (Smartphones und Tablets) optimiert. Zus\u00e4tzlich informiert eine App rund um den Verein mit Nachrichten und Terminen. Abonennten k\u00f6nnen sich sicher sein, nichts Wichtiges zu verpassen.<\/p>\n<p><img loading=\"lazy\" decoding=\"async\" class=\"alignnone size-medium wp-image-473\" src=\"http:\/\/wordpress.senneriffa.de\/wp-content\/uploads\/2017\/03\/app-162x300.jpg\" alt=\"\" width=\"162\" height=\"300\" srcset=\"https:\/\/senneriffa.de\/wp-content\/uploads\/2017\/03\/app-162x300.jpg 162w, https:\/\/senneriffa.de\/wp-content\/uploads\/2017\/03\/app-100x185.jpg 100w, https:\/\/senneriffa.de\/wp-content\/uploads\/2017\/03\/app.jpg 433w\" sizes=\"auto, (max-width: 162px) 100vw, 162px\" \/><\/p>\n<p><a href=\"http:\/\/apks.tobit.com\/67756-04346.apk\">Die App f\u00fcr Android herunterladen<br \/>\nDie App f\u00fcr iPhones im iTunes Store herunterladen<\/a><\/p>\n","protected":false},"excerpt":{"rendered":"<p>Die neue Internetseite der Familien-Sport-Gemeinschaft Bielefeld ist sowohl f\u00fcr die Nutzung auf Desktop-PCs und Laptops als auch auf mobilen Endger\u00e4ten (Smartphones und Tablets) optimiert. Zus\u00e4tzlich informiert eine App rund um den Verein mit Nachrichten und Terminen. Abonennten k\u00f6nnen sich sicher sein, nichts Wichtiges zu verpassen. Die App f\u00fcr Android herunterladen Die App f\u00fcr iPhones im iTunes Store herunterladen<\/p>\n","protected":false},"author":1,"featured_media":0,"parent":0,"menu_order":0,"comment_status":"closed","ping_status":"closed","template":"","meta":{"rs_blank_template":"","rs_page_bg_color":"","slide_template_v7":"","footnotes":""},"class_list":["post-474","page","type-page","status-publish","hentry","no-post-thumbnail"],"yoast_head":"<!-- This site is optimized with the Yoast SEO plugin v27.2 - https:\/\/yoast.com\/product\/yoast-seo-wordpress\/ -->\n<title>App - FSG Bielefeld e. V.<\/title>\n<meta name=\"robots\" content=\"index, follow, max-snippet:-1, max-image-preview:large, max-video-preview:-1\" \/>\n<link rel=\"canonical\" href=\"https:\/\/senneriffa.de\/app\/\" \/>\n<meta property=\"og:locale\" content=\"nl_NL\" \/>\n<meta property=\"og:type\" content=\"article\" \/>\n<meta property=\"og:title\" content=\"App - FSG Bielefeld e. V.\" \/>\n<meta property=\"og:description\" content=\"Die neue Internetseite der Familien-Sport-Gemeinschaft Bielefeld ist sowohl f\u00fcr die Nutzung auf Desktop-PCs und Laptops als auch auf mobilen Endger\u00e4ten (Smartphones und Tablets) optimiert. Zus\u00e4tzlich informiert eine App rund um den Verein mit Nachrichten und Terminen. Abonennten k\u00f6nnen sich sicher sein, nichts Wichtiges zu verpassen. Die App f\u00fcr Android herunterladen Die App f\u00fcr iPhones im iTunes Store herunterladen\" \/>\n<meta property=\"og:url\" content=\"https:\/\/senneriffa.de\/app\/\" \/>\n<meta property=\"og:site_name\" content=\"FSG Bielefeld e. V.\" \/>\n<meta property=\"article:modified_time\" content=\"2017-06-05T14:01:17+00:00\" \/>\n<meta property=\"og:image\" content=\"http:\/\/wordpress.senneriffa.de\/wp-content\/uploads\/2017\/03\/app-162x300.jpg\" \/>\n<meta name=\"twitter:card\" content=\"summary_large_image\" \/>\n<script type=\"application\/ld+json\" class=\"yoast-schema-graph\">{\"@context\":\"https:\/\/schema.org\",\"@graph\":[{\"@type\":\"WebPage\",\"@id\":\"https:\/\/senneriffa.de\/app\/\",\"url\":\"https:\/\/senneriffa.de\/app\/\",\"name\":\"App - FSG Bielefeld e. V.\",\"isPartOf\":{\"@id\":\"https:\/\/senneriffa.de\/#website\"},\"primaryImageOfPage\":{\"@id\":\"https:\/\/senneriffa.de\/app\/#primaryimage\"},\"image\":{\"@id\":\"https:\/\/senneriffa.de\/app\/#primaryimage\"},\"thumbnailUrl\":\"http:\/\/wordpress.senneriffa.de\/wp-content\/uploads\/2017\/03\/app-162x300.jpg\",\"datePublished\":\"2017-03-10T10:39:04+00:00\",\"dateModified\":\"2017-06-05T14:01:17+00:00\",\"breadcrumb\":{\"@id\":\"https:\/\/senneriffa.de\/app\/#breadcrumb\"},\"inLanguage\":\"nl-NL\",\"potentialAction\":[{\"@type\":\"ReadAction\",\"target\":[\"https:\/\/senneriffa.de\/app\/\"]}]},{\"@type\":\"ImageObject\",\"inLanguage\":\"nl-NL\",\"@id\":\"https:\/\/senneriffa.de\/app\/#primaryimage\",\"url\":\"http:\/\/wordpress.senneriffa.de\/wp-content\/uploads\/2017\/03\/app-162x300.jpg\",\"contentUrl\":\"http:\/\/wordpress.senneriffa.de\/wp-content\/uploads\/2017\/03\/app-162x300.jpg\"},{\"@type\":\"BreadcrumbList\",\"@id\":\"https:\/\/senneriffa.de\/app\/#breadcrumb\",\"itemListElement\":[{\"@type\":\"ListItem\",\"position\":1,\"name\":\"Startseite\",\"item\":\"https:\/\/senneriffa.de\/\"},{\"@type\":\"ListItem\",\"position\":2,\"name\":\"App\"}]},{\"@type\":\"WebSite\",\"@id\":\"https:\/\/senneriffa.de\/#website\",\"url\":\"https:\/\/senneriffa.de\/\",\"name\":\"FSG Bielefeld e. V.\",\"description\":\"Familien-Sport-Gemeinschaft\",\"potentialAction\":[{\"@type\":\"SearchAction\",\"target\":{\"@type\":\"EntryPoint\",\"urlTemplate\":\"https:\/\/senneriffa.de\/?s={search_term_string}\"},\"query-input\":{\"@type\":\"PropertyValueSpecification\",\"valueRequired\":true,\"valueName\":\"search_term_string\"}}],\"inLanguage\":\"nl-NL\"}]}<\/script>\n<!-- \/ Yoast SEO plugin. -->","yoast_head_json":{"title":"App - FSG Bielefeld e. V.","robots":{"index":"index","follow":"follow","max-snippet":"max-snippet:-1","max-image-preview":"max-image-preview:large","max-video-preview":"max-video-preview:-1"},"canonical":"https:\/\/senneriffa.de\/app\/","og_locale":"nl_NL","og_type":"article","og_title":"App - FSG Bielefeld e. V.","og_description":"Die neue Internetseite der Familien-Sport-Gemeinschaft Bielefeld ist sowohl f\u00fcr die Nutzung auf Desktop-PCs und Laptops als auch auf mobilen Endger\u00e4ten (Smartphones und Tablets) optimiert. Zus\u00e4tzlich informiert eine App rund um den Verein mit Nachrichten und Terminen. Abonennten k\u00f6nnen sich sicher sein, nichts Wichtiges zu verpassen. Die App f\u00fcr Android herunterladen Die App f\u00fcr iPhones im iTunes Store herunterladen","og_url":"https:\/\/senneriffa.de\/app\/","og_site_name":"FSG Bielefeld e. V.","article_modified_time":"2017-06-05T14:01:17+00:00","og_image":[{"url":"http:\/\/wordpress.senneriffa.de\/wp-content\/uploads\/2017\/03\/app-162x300.jpg","type":"","width":"","height":""}],"twitter_card":"summary_large_image","schema":{"@context":"https:\/\/schema.org","@graph":[{"@type":"WebPage","@id":"https:\/\/senneriffa.de\/app\/","url":"https:\/\/senneriffa.de\/app\/","name":"App - FSG Bielefeld e. V.","isPartOf":{"@id":"https:\/\/senneriffa.de\/#website"},"primaryImageOfPage":{"@id":"https:\/\/senneriffa.de\/app\/#primaryimage"},"image":{"@id":"https:\/\/senneriffa.de\/app\/#primaryimage"},"thumbnailUrl":"http:\/\/wordpress.senneriffa.de\/wp-content\/uploads\/2017\/03\/app-162x300.jpg","datePublished":"2017-03-10T10:39:04+00:00","dateModified":"2017-06-05T14:01:17+00:00","breadcrumb":{"@id":"https:\/\/senneriffa.de\/app\/#breadcrumb"},"inLanguage":"nl-NL","potentialAction":[{"@type":"ReadAction","target":["https:\/\/senneriffa.de\/app\/"]}]},{"@type":"ImageObject","inLanguage":"nl-NL","@id":"https:\/\/senneriffa.de\/app\/#primaryimage","url":"http:\/\/wordpress.senneriffa.de\/wp-content\/uploads\/2017\/03\/app-162x300.jpg","contentUrl":"http:\/\/wordpress.senneriffa.de\/wp-content\/uploads\/2017\/03\/app-162x300.jpg"},{"@type":"BreadcrumbList","@id":"https:\/\/senneriffa.de\/app\/#breadcrumb","itemListElement":[{"@type":"ListItem","position":1,"name":"Startseite","item":"https:\/\/senneriffa.de\/"},{"@type":"ListItem","position":2,"name":"App"}]},{"@type":"WebSite","@id":"https:\/\/senneriffa.de\/#website","url":"https:\/\/senneriffa.de\/","name":"FSG Bielefeld e. V.","description":"Familien-Sport-Gemeinschaft","potentialAction":[{"@type":"SearchAction","target":{"@type":"EntryPoint","urlTemplate":"https:\/\/senneriffa.de\/?s={search_term_string}"},"query-input":{"@type":"PropertyValueSpecification","valueRequired":true,"valueName":"search_term_string"}}],"inLanguage":"nl-NL"}]}},"_links":{"self":[{"href":"https:\/\/senneriffa.de\/nl\/wp-json\/wp\/v2\/pages\/474","targetHints":{"allow":["GET"]}}],"collection":[{"href":"https:\/\/senneriffa.de\/nl\/wp-json\/wp\/v2\/pages"}],"about":[{"href":"https:\/\/senneriffa.de\/nl\/wp-json\/wp\/v2\/types\/page"}],"author":[{"embeddable":true,"href":"https:\/\/senneriffa.de\/nl\/wp-json\/wp\/v2\/users\/1"}],"replies":[{"embeddable":true,"href":"https:\/\/senneriffa.de\/nl\/wp-json\/wp\/v2\/comments?post=474"}],"version-history":[{"count":6,"href":"https:\/\/senneriffa.de\/nl\/wp-json\/wp\/v2\/pages\/474\/revisions"}],"predecessor-version":[{"id":481,"href":"https:\/\/senneriffa.de\/nl\/wp-json\/wp\/v2\/pages\/474\/revisions\/481"}],"wp:attachment":[{"href":"https:\/\/senneriffa.de\/nl\/wp-json\/wp\/v2\/media?parent=474"}],"curies":[{"name":"wp","href":"https:\/\/api.w.org\/{rel}","templated":true}]}}