{"id":308,"date":"2017-02-27T22:10:52","date_gmt":"2017-02-27T22:10:52","guid":{"rendered":"http:\/\/wordpress.senneriffa.de\/?page_id=308"},"modified":"2025-05-15T23:01:26","modified_gmt":"2025-05-15T21:01:26","slug":"mitgliedschaft","status":"publish","type":"page","link":"https:\/\/senneriffa.de\/nl\/verein\/mitgliedschaft\/","title":{"rendered":"Mitgliedschaft"},"content":{"rendered":"<h4><\/h4>\n<h4>&#8230;lohnt sich!<\/h4>\n<p>Kennst Du\u00a0bereits die Vorz\u00fcge, die sich Dir\u00a0als Mitglied in unserem Verein bieten? Erfahre hier, welche Vorteile Dir\u00a0eine Mitgliedschaft in der FSG Bielefeld bringt:<\/p>\n<ul>\n<li>Einen eigenen Gel\u00e4ndeschl\u00fcssel &#8211; damit kannst Du\u00a0kommen und gehen, wann Du\u00a0es m\u00f6chtest.<\/li>\n<li>Kostenlose Nutzung aller Sportanlagen und im Sommerhalbjahr des solarbeheizten Schwimmbeckens<\/li>\n<li>Kostenlose Nutzung der Sanit\u00e4r- und Duschanlagen<\/li>\n<li>Kostenlose Nutzung der Saunaanlage (an etwa 150 Tagen im Jahr)<\/li>\n<li>Im Beitrag enthalten sind zudem die Beitr\u00e4ge f\u00fcr den StadtSportBund Bielefeld und die anderen Verb\u00e4nde sowie die Sportversicherung<\/li>\n<li>Teilnahmem\u00f6glichkeit an vielen Veranstaltungen im Jahr<\/li>\n<li>Freiheit, Wohlgef\u00fchl und Entspannen, wann immer Du\u00a0willst&#8230;<\/li>\n<\/ul>\n<p>Den Antrag auf Aufnahme kannst Du\u00a0hier herunterladen, aus der\u00a0Beitragsliste die Kosten entnehmen:<\/p>\n<p><a href=\"https:\/\/senneriffa.de\/wp-content\/uploads\/2025\/05\/2025-05-antrag-befristete-aufnahme-formular.pdf\" target=\"_blank\" rel=\"noopener\">Antrag auf eine zun\u00e4chst bis zum Jahresende befristete Aufnahme<\/a><\/p>\n<p><a href=\"https:\/\/senneriffa.de\/wp-content\/uploads\/2024\/01\/2024-01-beitragsordnung.pdf\">Beitragsliste (Stand: Januar 2024)<\/a><\/p>\n<h3>Der hei\u00dfe Draht zu uns<\/h3>\n<p>Solltest Du noch Fragen haben, stehen wir Dir zur Verf\u00fcgung. <a title=\"Nehmen Sie mit uns Kontakt auf\" href=\"http:\/\/wordpress.senneriffa.de\/de\/kontakt\/\">Rufen sie uns an oder senden Sie eine E-Mail.<\/a> Wir sind gerne f\u00fcr Sie da!","protected":false},"excerpt":{"rendered":"<p>&#8230;lohnt sich! Kennst Du\u00a0bereits die Vorz\u00fcge, die sich Dir\u00a0als Mitglied in unserem Verein bieten? Erfahre hier, welche Vorteile Dir\u00a0eine Mitgliedschaft in der FSG Bielefeld bringt: Einen eigenen Gel\u00e4ndeschl\u00fcssel &#8211; damit kannst Du\u00a0kommen und gehen, wann Du\u00a0es m\u00f6chtest. Kostenlose Nutzung aller Sportanlagen und im Sommerhalbjahr des solarbeheizten Schwimmbeckens Kostenlose Nutzung der Sanit\u00e4r- und Duschanlagen Kostenlose Nutzung der Saunaanlage (an etwa 150 &#8230;<\/p>\n","protected":false},"author":1,"featured_media":0,"parent":11,"menu_order":0,"comment_status":"closed","ping_status":"closed","template":"","meta":{"rs_blank_template":"","rs_page_bg_color":"","slide_template_v7":"","footnotes":""},"class_list":["post-308","page","type-page","status-publish","hentry","no-post-thumbnail"],"yoast_head":"<!-- This site is optimized with the Yoast SEO plugin v27.2 - https:\/\/yoast.com\/product\/yoast-seo-wordpress\/ -->\n<title>Mitgliedschaft - FSG Bielefeld e. V.<\/title>\n<meta name=\"robots\" content=\"index, follow, max-snippet:-1, max-image-preview:large, max-video-preview:-1\" \/>\n<link rel=\"canonical\" href=\"https:\/\/senneriffa.de\/verein\/mitgliedschaft\/\" \/>\n<meta property=\"og:locale\" content=\"nl_NL\" \/>\n<meta property=\"og:type\" content=\"article\" \/>\n<meta property=\"og:title\" content=\"Mitgliedschaft - FSG Bielefeld e. V.\" \/>\n<meta property=\"og:description\" content=\"&#8230;lohnt sich! Kennst Du\u00a0bereits die Vorz\u00fcge, die sich Dir\u00a0als Mitglied in unserem Verein bieten? Erfahre hier, welche Vorteile Dir\u00a0eine Mitgliedschaft in der FSG Bielefeld bringt: Einen eigenen Gel\u00e4ndeschl\u00fcssel &#8211; damit kannst Du\u00a0kommen und gehen, wann Du\u00a0es m\u00f6chtest. Kostenlose Nutzung aller Sportanlagen und im Sommerhalbjahr des solarbeheizten Schwimmbeckens Kostenlose Nutzung der Sanit\u00e4r- und Duschanlagen Kostenlose Nutzung der Saunaanlage (an etwa 150 ...\" \/>\n<meta property=\"og:url\" content=\"https:\/\/senneriffa.de\/verein\/mitgliedschaft\/\" \/>\n<meta property=\"og:site_name\" content=\"FSG Bielefeld e. V.\" \/>\n<meta property=\"article:modified_time\" content=\"2025-05-15T21:01:26+00:00\" \/>\n<meta name=\"twitter:card\" content=\"summary_large_image\" \/>\n<meta name=\"twitter:label1\" content=\"Geschatte leestijd\" \/>\n\t<meta name=\"twitter:data1\" content=\"1 minuut\" \/>\n<script type=\"application\/ld+json\" class=\"yoast-schema-graph\">{\"@context\":\"https:\/\/schema.org\",\"@graph\":[{\"@type\":\"WebPage\",\"@id\":\"https:\/\/senneriffa.de\/verein\/mitgliedschaft\/\",\"url\":\"https:\/\/senneriffa.de\/verein\/mitgliedschaft\/\",\"name\":\"Mitgliedschaft - FSG Bielefeld e. V.\",\"isPartOf\":{\"@id\":\"https:\/\/senneriffa.de\/#website\"},\"datePublished\":\"2017-02-27T22:10:52+00:00\",\"dateModified\":\"2025-05-15T21:01:26+00:00\",\"breadcrumb\":{\"@id\":\"https:\/\/senneriffa.de\/verein\/mitgliedschaft\/#breadcrumb\"},\"inLanguage\":\"nl-NL\",\"potentialAction\":[{\"@type\":\"ReadAction\",\"target\":[\"https:\/\/senneriffa.de\/verein\/mitgliedschaft\/\"]}]},{\"@type\":\"BreadcrumbList\",\"@id\":\"https:\/\/senneriffa.de\/verein\/mitgliedschaft\/#breadcrumb\",\"itemListElement\":[{\"@type\":\"ListItem\",\"position\":1,\"name\":\"Startseite\",\"item\":\"https:\/\/senneriffa.de\/\"},{\"@type\":\"ListItem\",\"position\":2,\"name\":\"Der Verein\",\"item\":\"https:\/\/senneriffa.de\/verein\/\"},{\"@type\":\"ListItem\",\"position\":3,\"name\":\"Mitgliedschaft\"}]},{\"@type\":\"WebSite\",\"@id\":\"https:\/\/senneriffa.de\/#website\",\"url\":\"https:\/\/senneriffa.de\/\",\"name\":\"FSG Bielefeld e. V.\",\"description\":\"Familien-Sport-Gemeinschaft\",\"potentialAction\":[{\"@type\":\"SearchAction\",\"target\":{\"@type\":\"EntryPoint\",\"urlTemplate\":\"https:\/\/senneriffa.de\/?s={search_term_string}\"},\"query-input\":{\"@type\":\"PropertyValueSpecification\",\"valueRequired\":true,\"valueName\":\"search_term_string\"}}],\"inLanguage\":\"nl-NL\"}]}<\/script>\n<!-- \/ Yoast SEO plugin. -->","yoast_head_json":{"title":"Mitgliedschaft - FSG Bielefeld e. V.","robots":{"index":"index","follow":"follow","max-snippet":"max-snippet:-1","max-image-preview":"max-image-preview:large","max-video-preview":"max-video-preview:-1"},"canonical":"https:\/\/senneriffa.de\/verein\/mitgliedschaft\/","og_locale":"nl_NL","og_type":"article","og_title":"Mitgliedschaft - FSG Bielefeld e. V.","og_description":"&#8230;lohnt sich! Kennst Du\u00a0bereits die Vorz\u00fcge, die sich Dir\u00a0als Mitglied in unserem Verein bieten? Erfahre hier, welche Vorteile Dir\u00a0eine Mitgliedschaft in der FSG Bielefeld bringt: Einen eigenen Gel\u00e4ndeschl\u00fcssel &#8211; damit kannst Du\u00a0kommen und gehen, wann Du\u00a0es m\u00f6chtest. Kostenlose Nutzung aller Sportanlagen und im Sommerhalbjahr des solarbeheizten Schwimmbeckens Kostenlose Nutzung der Sanit\u00e4r- und Duschanlagen Kostenlose Nutzung der Saunaanlage (an etwa 150 ...","og_url":"https:\/\/senneriffa.de\/verein\/mitgliedschaft\/","og_site_name":"FSG Bielefeld e. V.","article_modified_time":"2025-05-15T21:01:26+00:00","twitter_card":"summary_large_image","twitter_misc":{"Geschatte leestijd":"1 minuut"},"schema":{"@context":"https:\/\/schema.org","@graph":[{"@type":"WebPage","@id":"https:\/\/senneriffa.de\/verein\/mitgliedschaft\/","url":"https:\/\/senneriffa.de\/verein\/mitgliedschaft\/","name":"Mitgliedschaft - FSG Bielefeld e. V.","isPartOf":{"@id":"https:\/\/senneriffa.de\/#website"},"datePublished":"2017-02-27T22:10:52+00:00","dateModified":"2025-05-15T21:01:26+00:00","breadcrumb":{"@id":"https:\/\/senneriffa.de\/verein\/mitgliedschaft\/#breadcrumb"},"inLanguage":"nl-NL","potentialAction":[{"@type":"ReadAction","target":["https:\/\/senneriffa.de\/verein\/mitgliedschaft\/"]}]},{"@type":"BreadcrumbList","@id":"https:\/\/senneriffa.de\/verein\/mitgliedschaft\/#breadcrumb","itemListElement":[{"@type":"ListItem","position":1,"name":"Startseite","item":"https:\/\/senneriffa.de\/"},{"@type":"ListItem","position":2,"name":"Der Verein","item":"https:\/\/senneriffa.de\/verein\/"},{"@type":"ListItem","position":3,"name":"Mitgliedschaft"}]},{"@type":"WebSite","@id":"https:\/\/senneriffa.de\/#website","url":"https:\/\/senneriffa.de\/","name":"FSG Bielefeld e. V.","description":"Familien-Sport-Gemeinschaft","potentialAction":[{"@type":"SearchAction","target":{"@type":"EntryPoint","urlTemplate":"https:\/\/senneriffa.de\/?s={search_term_string}"},"query-input":{"@type":"PropertyValueSpecification","valueRequired":true,"valueName":"search_term_string"}}],"inLanguage":"nl-NL"}]}},"_links":{"self":[{"href":"https:\/\/senneriffa.de\/nl\/wp-json\/wp\/v2\/pages\/308","targetHints":{"allow":["GET"]}}],"collection":[{"href":"https:\/\/senneriffa.de\/nl\/wp-json\/wp\/v2\/pages"}],"about":[{"href":"https:\/\/senneriffa.de\/nl\/wp-json\/wp\/v2\/types\/page"}],"author":[{"embeddable":true,"href":"https:\/\/senneriffa.de\/nl\/wp-json\/wp\/v2\/users\/1"}],"replies":[{"embeddable":true,"href":"https:\/\/senneriffa.de\/nl\/wp-json\/wp\/v2\/comments?post=308"}],"version-history":[{"count":37,"href":"https:\/\/senneriffa.de\/nl\/wp-json\/wp\/v2\/pages\/308\/revisions"}],"predecessor-version":[{"id":1679,"href":"https:\/\/senneriffa.de\/nl\/wp-json\/wp\/v2\/pages\/308\/revisions\/1679"}],"up":[{"embeddable":true,"href":"https:\/\/senneriffa.de\/nl\/wp-json\/wp\/v2\/pages\/11"}],"wp:attachment":[{"href":"https:\/\/senneriffa.de\/nl\/wp-json\/wp\/v2\/media?parent=308"}],"curies":[{"name":"wp","href":"https:\/\/api.w.org\/{rel}","templated":true}]}}