{"id":25,"date":"2017-01-02T21:32:50","date_gmt":"2017-01-02T21:32:50","guid":{"rendered":"http:\/\/wordpress.senneriffa.de\/?page_id=25"},"modified":"2025-06-19T22:30:06","modified_gmt":"2025-06-19T20:30:06","slug":"kontakt","status":"publish","type":"page","link":"https:\/\/senneriffa.de\/nl\/kontakt\/","title":{"rendered":"Kontakt"},"content":{"rendered":"<ul>\n<li class=\"row-fluid cat-list-row0\">\n<div class=\"list-title span9 col-md-9\"><strong>Informationen zu Verein und Mitgliedschaft<br \/>\n<\/strong>Gesch\u00e4ftsstelle der FSG Bielefeld e.V.<br \/>\nKleekampweg 21<br \/>\n33613 Bielefeld<br \/>\nDeutschland<\/div>\n<div class=\"span3 col-md-3\">Telefon: <a href=\"tel:+49521889098\">+49 (0)5 21 &#8211; 88 90 98<\/a><br \/>\nE-Mail: <a href=\"mailto:info@fsg-bielefeld.de\">info@fsg-bielefeld.de<\/a><\/p>\n<\/div>\n<\/li>\n<li class=\"row-fluid cat-list-row0\"><strong>Informationen, Terminvereinbarungen, Anfragen, Anmeldungen, Reservierungen f\u00fcr Gel\u00e4ndebesuche<\/strong><br \/>\nPlatzwartin<br \/>\nAlexandra Cichetzki<br \/>\nWistinghauser Senne 11\u201313<br \/>\n33813 Oerlinghausen<br \/>\nDeutschland<br \/>\nTelefon: <a href=\"tel:+49520271705\">+49 (0) 52 02 &#8211; 7 17 05<\/a><br \/>\nMobil: <a href=\"tel:+491754209018\">+49 (0)175 &#8211; 4209 018<\/a><br \/>\nE-Mail: <a href=\"mailto:senneriffa@fsg-bielefeld.de\">senneriffa@fsg-bielefeld.de<\/a><\/p>\n<p align=\"justify\"><strong>Anreisezeiten f\u00fcr unsere G\u00e4ste: <\/strong>9 bis 18 Uhr (Dienstags Ruhetag). Andere Zeiten nur nach telefonischer Absprache.<strong><br \/>\nHinweis: <\/strong>Dienstags ist auf dem Senneriffa-Gel\u00e4nde Ruhetag. Tagesmitglieder k\u00f6nnen somit dienstags nicht empfangen werden. Auch Freunde oder Bekannte von Mitgliedern k\u00f6nnen an einem Dienstag das Gel\u00e4nde nicht als Tagesmitglieder betreten. Eine Ausnahme gilt f\u00fcr Tagesmitglieder, die f\u00fcr einen mehrt\u00e4gigen oder sogar mehrw\u00f6chigen Urlaub &#8211; nach vorheriger Anmeldung &#8211; an einem Dienstag anreisen.<\/p>\n<\/li>\n<li><strong>Platzwartin<\/strong><br \/>\nAlexandra Cichetzki<br \/>\nE-Mail: <a href=\"mailto:senneriffa@fsg-bielefeld.de\">senneriffa@fsg-bielefeld.de<\/a><\/li>\n<li><strong>Fachwart P\u00e9tanque<\/strong><br \/>\nE-Mail: <a href=\"mailto:info@fsg-bielefeld.de\">info@fsg-bielefeld.de<\/a><\/li>\n<li class=\"row-fluid cat-list-row0\">\n<div class=\"span3 col-md-3\"><strong>Pressewart<\/strong><br \/>\nE-Mail: <a href=\"mailto:info@fsg-bielefeld.de\">info@fsg-bielefeld.de<\/a><\/div>\n<\/li>\n<li class=\"row-fluid cat-list-row0\">\n<div class=\"list-title span9 col-md-9\"><strong>Ansprechpartner Jugendgruppe<\/strong><br \/>\nE-Mail: <a href=\"mailto:info@fsg-bielefeld.de\">info@fsg-bielefeld.de<\/a><\/div>\n<\/li>\n<\/ul>","protected":false},"excerpt":{"rendered":"<p>Informationen zu Verein und Mitgliedschaft Gesch\u00e4ftsstelle der FSG Bielefeld e.V. Kleekampweg 21 33613 Bielefeld Deutschland Telefon: +49 (0)5 21 &#8211; 88 90 98 E-Mail: info@fsg-bielefeld.de Informationen, Terminvereinbarungen, Anfragen, Anmeldungen, Reservierungen f\u00fcr Gel\u00e4ndebesuche Platzwartin Alexandra Cichetzki Wistinghauser Senne 11\u201313 33813 Oerlinghausen Deutschland Telefon: +49 (0) 52 02 &#8211; 7 17 05 Mobil: +49 (0)175 &#8211; 4209 018 E-Mail: senneriffa@fsg-bielefeld.de Anreisezeiten f\u00fcr &#8230;<\/p>\n","protected":false},"author":1,"featured_media":0,"parent":0,"menu_order":0,"comment_status":"closed","ping_status":"closed","template":"","meta":{"rs_blank_template":"","rs_page_bg_color":"","slide_template_v7":"","footnotes":""},"class_list":["post-25","page","type-page","status-publish","hentry","no-post-thumbnail"],"yoast_head":"<!-- This site is optimized with the Yoast SEO plugin v27.2 - https:\/\/yoast.com\/product\/yoast-seo-wordpress\/ -->\n<title>Kontakt - FSG Bielefeld e. V.<\/title>\n<meta name=\"robots\" content=\"index, follow, max-snippet:-1, max-image-preview:large, max-video-preview:-1\" \/>\n<link rel=\"canonical\" href=\"https:\/\/senneriffa.de\/kontakt\/\" \/>\n<meta property=\"og:locale\" content=\"nl_NL\" \/>\n<meta property=\"og:type\" content=\"article\" \/>\n<meta property=\"og:title\" content=\"Kontakt - FSG Bielefeld e. V.\" \/>\n<meta property=\"og:description\" content=\"Informationen zu Verein und Mitgliedschaft Gesch\u00e4ftsstelle der FSG Bielefeld e.V. Kleekampweg 21 33613 Bielefeld Deutschland Telefon: +49 (0)5 21 &#8211; 88 90 98 E-Mail: info@fsg-bielefeld.de Informationen, Terminvereinbarungen, Anfragen, Anmeldungen, Reservierungen f\u00fcr Gel\u00e4ndebesuche Platzwartin Alexandra Cichetzki Wistinghauser Senne 11\u201313 33813 Oerlinghausen Deutschland Telefon: +49 (0) 52 02 &#8211; 7 17 05 Mobil: +49 (0)175 &#8211; 4209 018 E-Mail: senneriffa@fsg-bielefeld.de Anreisezeiten f\u00fcr ...\" \/>\n<meta property=\"og:url\" content=\"https:\/\/senneriffa.de\/kontakt\/\" \/>\n<meta property=\"og:site_name\" content=\"FSG Bielefeld e. V.\" \/>\n<meta property=\"article:modified_time\" content=\"2025-06-19T20:30:06+00:00\" \/>\n<meta name=\"twitter:card\" content=\"summary_large_image\" \/>\n<meta name=\"twitter:label1\" content=\"Geschatte leestijd\" \/>\n\t<meta name=\"twitter:data1\" content=\"1 minuut\" \/>\n<script type=\"application\/ld+json\" class=\"yoast-schema-graph\">{\"@context\":\"https:\/\/schema.org\",\"@graph\":[{\"@type\":\"WebPage\",\"@id\":\"https:\/\/senneriffa.de\/kontakt\/\",\"url\":\"https:\/\/senneriffa.de\/kontakt\/\",\"name\":\"Kontakt - FSG Bielefeld e. V.\",\"isPartOf\":{\"@id\":\"https:\/\/senneriffa.de\/#website\"},\"datePublished\":\"2017-01-02T21:32:50+00:00\",\"dateModified\":\"2025-06-19T20:30:06+00:00\",\"breadcrumb\":{\"@id\":\"https:\/\/senneriffa.de\/kontakt\/#breadcrumb\"},\"inLanguage\":\"nl-NL\",\"potentialAction\":[{\"@type\":\"ReadAction\",\"target\":[\"https:\/\/senneriffa.de\/kontakt\/\"]}]},{\"@type\":\"BreadcrumbList\",\"@id\":\"https:\/\/senneriffa.de\/kontakt\/#breadcrumb\",\"itemListElement\":[{\"@type\":\"ListItem\",\"position\":1,\"name\":\"Startseite\",\"item\":\"https:\/\/senneriffa.de\/\"},{\"@type\":\"ListItem\",\"position\":2,\"name\":\"Kontakt\"}]},{\"@type\":\"WebSite\",\"@id\":\"https:\/\/senneriffa.de\/#website\",\"url\":\"https:\/\/senneriffa.de\/\",\"name\":\"FSG Bielefeld e. V.\",\"description\":\"Familien-Sport-Gemeinschaft\",\"potentialAction\":[{\"@type\":\"SearchAction\",\"target\":{\"@type\":\"EntryPoint\",\"urlTemplate\":\"https:\/\/senneriffa.de\/?s={search_term_string}\"},\"query-input\":{\"@type\":\"PropertyValueSpecification\",\"valueRequired\":true,\"valueName\":\"search_term_string\"}}],\"inLanguage\":\"nl-NL\"}]}<\/script>\n<!-- \/ Yoast SEO plugin. -->","yoast_head_json":{"title":"Kontakt - FSG Bielefeld e. V.","robots":{"index":"index","follow":"follow","max-snippet":"max-snippet:-1","max-image-preview":"max-image-preview:large","max-video-preview":"max-video-preview:-1"},"canonical":"https:\/\/senneriffa.de\/kontakt\/","og_locale":"nl_NL","og_type":"article","og_title":"Kontakt - FSG Bielefeld e. V.","og_description":"Informationen zu Verein und Mitgliedschaft Gesch\u00e4ftsstelle der FSG Bielefeld e.V. Kleekampweg 21 33613 Bielefeld Deutschland Telefon: +49 (0)5 21 &#8211; 88 90 98 E-Mail: info@fsg-bielefeld.de Informationen, Terminvereinbarungen, Anfragen, Anmeldungen, Reservierungen f\u00fcr Gel\u00e4ndebesuche Platzwartin Alexandra Cichetzki Wistinghauser Senne 11\u201313 33813 Oerlinghausen Deutschland Telefon: +49 (0) 52 02 &#8211; 7 17 05 Mobil: +49 (0)175 &#8211; 4209 018 E-Mail: senneriffa@fsg-bielefeld.de Anreisezeiten f\u00fcr ...","og_url":"https:\/\/senneriffa.de\/kontakt\/","og_site_name":"FSG Bielefeld e. V.","article_modified_time":"2025-06-19T20:30:06+00:00","twitter_card":"summary_large_image","twitter_misc":{"Geschatte leestijd":"1 minuut"},"schema":{"@context":"https:\/\/schema.org","@graph":[{"@type":"WebPage","@id":"https:\/\/senneriffa.de\/kontakt\/","url":"https:\/\/senneriffa.de\/kontakt\/","name":"Kontakt - FSG Bielefeld e. V.","isPartOf":{"@id":"https:\/\/senneriffa.de\/#website"},"datePublished":"2017-01-02T21:32:50+00:00","dateModified":"2025-06-19T20:30:06+00:00","breadcrumb":{"@id":"https:\/\/senneriffa.de\/kontakt\/#breadcrumb"},"inLanguage":"nl-NL","potentialAction":[{"@type":"ReadAction","target":["https:\/\/senneriffa.de\/kontakt\/"]}]},{"@type":"BreadcrumbList","@id":"https:\/\/senneriffa.de\/kontakt\/#breadcrumb","itemListElement":[{"@type":"ListItem","position":1,"name":"Startseite","item":"https:\/\/senneriffa.de\/"},{"@type":"ListItem","position":2,"name":"Kontakt"}]},{"@type":"WebSite","@id":"https:\/\/senneriffa.de\/#website","url":"https:\/\/senneriffa.de\/","name":"FSG Bielefeld e. V.","description":"Familien-Sport-Gemeinschaft","potentialAction":[{"@type":"SearchAction","target":{"@type":"EntryPoint","urlTemplate":"https:\/\/senneriffa.de\/?s={search_term_string}"},"query-input":{"@type":"PropertyValueSpecification","valueRequired":true,"valueName":"search_term_string"}}],"inLanguage":"nl-NL"}]}},"_links":{"self":[{"href":"https:\/\/senneriffa.de\/nl\/wp-json\/wp\/v2\/pages\/25","targetHints":{"allow":["GET"]}}],"collection":[{"href":"https:\/\/senneriffa.de\/nl\/wp-json\/wp\/v2\/pages"}],"about":[{"href":"https:\/\/senneriffa.de\/nl\/wp-json\/wp\/v2\/types\/page"}],"author":[{"embeddable":true,"href":"https:\/\/senneriffa.de\/nl\/wp-json\/wp\/v2\/users\/1"}],"replies":[{"embeddable":true,"href":"https:\/\/senneriffa.de\/nl\/wp-json\/wp\/v2\/comments?post=25"}],"version-history":[{"count":42,"href":"https:\/\/senneriffa.de\/nl\/wp-json\/wp\/v2\/pages\/25\/revisions"}],"predecessor-version":[{"id":1693,"href":"https:\/\/senneriffa.de\/nl\/wp-json\/wp\/v2\/pages\/25\/revisions\/1693"}],"wp:attachment":[{"href":"https:\/\/senneriffa.de\/nl\/wp-json\/wp\/v2\/media?parent=25"}],"curies":[{"name":"wp","href":"https:\/\/api.w.org\/{rel}","templated":true}]}}