{"id":17,"date":"2017-01-02T21:32:50","date_gmt":"2017-01-02T21:32:50","guid":{"rendered":"http:\/\/wordpress.senneriffa.de\/?page_id=17"},"modified":"2025-05-15T23:13:17","modified_gmt":"2025-05-15T21:13:17","slug":"mitgliedschaftbesucher","status":"publish","type":"page","link":"https:\/\/senneriffa.de\/nl\/mitgliedschaftbesucher\/","title":{"rendered":"Besucher"},"content":{"rendered":"<h4>Auf Stippvisite in Senneriffa<\/h4>\n<div id=\"attachment_568\" style=\"width: 310px\" class=\"wp-caption alignleft\"><a href=\"http:\/\/wordpress.senneriffa.de\/wp-content\/uploads\/2017\/01\/tdot_2017-e1490519148386.jpg\" rel=\"lightbox[17]\"><img loading=\"lazy\" decoding=\"async\" aria-describedby=\"caption-attachment-568\" class=\"wp-image-568 size-medium\" src=\"http:\/\/wordpress.senneriffa.de\/wp-content\/uploads\/2017\/01\/tdot_2017-e1490519148386-300x217.jpg\" width=\"300\" height=\"217\" srcset=\"https:\/\/senneriffa.de\/wp-content\/uploads\/2017\/01\/tdot_2017-e1490519148386-300x217.jpg 300w, https:\/\/senneriffa.de\/wp-content\/uploads\/2017\/01\/tdot_2017-e1490519148386-100x72.jpg 100w, https:\/\/senneriffa.de\/wp-content\/uploads\/2017\/01\/tdot_2017-e1490519148386.jpg 374w\" sizes=\"auto, (max-width: 300px) 100vw, 300px\" \/><\/a><p id=\"caption-attachment-568\" class=\"wp-caption-text\">Besucher k\u00f6nnen das Senneriffa-Gel\u00e4nde kostenlos besichtigen.<\/p><\/div>\n<p>Nicht immer m\u00f6chte man sich sofort zu einer Mitgliedschaft in einem Verein entschlie\u00dfen. Deshalb gibt es f\u00fcr Interessente immer die M\u00f6glichkeit, sich das Gel\u00e4nde unverbindlich und kostenlos anzuschauen. Interessenten und Besucher, die das Gel\u00e4nde in seiner Einzigartigkeit erleben m\u00f6chten, k\u00f6nnen sich als Tagesmitglieder f\u00fcr einen oder mehrere Tage auf dem Gel\u00e4nde aufhalten. Die genauen Kosten entnehme bitte der Liste <a href=\"https:\/\/senneriffa.de\/verein\/preise\/\">Beitr\u00e4ge f\u00fcr Tagesmitglieder<\/a>.<\/p>\n<h4>Schnupper mal rein!<\/h4>","protected":false},"excerpt":{"rendered":"<p>Auf Stippvisite in Senneriffa Nicht immer m\u00f6chte man sich sofort zu einer Mitgliedschaft in einem Verein entschlie\u00dfen. Deshalb gibt es f\u00fcr Interessente immer die M\u00f6glichkeit, sich das Gel\u00e4nde unverbindlich und kostenlos anzuschauen. Interessenten und Besucher, die das Gel\u00e4nde in seiner Einzigartigkeit erleben m\u00f6chten, k\u00f6nnen sich als Tagesmitglieder f\u00fcr einen oder mehrere Tage auf dem Gel\u00e4nde aufhalten. Die genauen Kosten entnehme &#8230;<\/p>\n","protected":false},"author":1,"featured_media":0,"parent":0,"menu_order":0,"comment_status":"closed","ping_status":"closed","template":"","meta":{"rs_blank_template":"","rs_page_bg_color":"","slide_template_v7":"","footnotes":""},"class_list":["post-17","page","type-page","status-publish","hentry","no-post-thumbnail"],"yoast_head":"<!-- This site is optimized with the Yoast SEO plugin v27.2 - https:\/\/yoast.com\/product\/yoast-seo-wordpress\/ -->\n<title>Besucher - FSG Bielefeld e. V.<\/title>\n<meta name=\"robots\" content=\"index, follow, max-snippet:-1, max-image-preview:large, max-video-preview:-1\" \/>\n<link rel=\"canonical\" href=\"https:\/\/senneriffa.de\/mitgliedschaftbesucher\/\" \/>\n<meta property=\"og:locale\" content=\"nl_NL\" \/>\n<meta property=\"og:type\" content=\"article\" \/>\n<meta property=\"og:title\" content=\"Besucher - FSG Bielefeld e. V.\" \/>\n<meta property=\"og:description\" content=\"Auf Stippvisite in Senneriffa Nicht immer m\u00f6chte man sich sofort zu einer Mitgliedschaft in einem Verein entschlie\u00dfen. Deshalb gibt es f\u00fcr Interessente immer die M\u00f6glichkeit, sich das Gel\u00e4nde unverbindlich und kostenlos anzuschauen. Interessenten und Besucher, die das Gel\u00e4nde in seiner Einzigartigkeit erleben m\u00f6chten, k\u00f6nnen sich als Tagesmitglieder f\u00fcr einen oder mehrere Tage auf dem Gel\u00e4nde aufhalten. Die genauen Kosten entnehme ...\" \/>\n<meta property=\"og:url\" content=\"https:\/\/senneriffa.de\/mitgliedschaftbesucher\/\" \/>\n<meta property=\"og:site_name\" content=\"FSG Bielefeld e. V.\" \/>\n<meta property=\"article:modified_time\" content=\"2025-05-15T21:13:17+00:00\" \/>\n<meta property=\"og:image\" content=\"https:\/\/senneriffa.de\/wp-content\/uploads\/2017\/01\/tdot_2017-e1490519148386.jpg\" \/>\n\t<meta property=\"og:image:width\" content=\"374\" \/>\n\t<meta property=\"og:image:height\" content=\"270\" \/>\n\t<meta property=\"og:image:type\" content=\"image\/jpeg\" \/>\n<meta name=\"twitter:card\" content=\"summary_large_image\" \/>\n<meta name=\"twitter:label1\" content=\"Geschatte leestijd\" \/>\n\t<meta name=\"twitter:data1\" content=\"1 minuut\" \/>\n<script type=\"application\/ld+json\" class=\"yoast-schema-graph\">{\"@context\":\"https:\/\/schema.org\",\"@graph\":[{\"@type\":\"WebPage\",\"@id\":\"https:\/\/senneriffa.de\/mitgliedschaftbesucher\/\",\"url\":\"https:\/\/senneriffa.de\/mitgliedschaftbesucher\/\",\"name\":\"Besucher - FSG Bielefeld e. V.\",\"isPartOf\":{\"@id\":\"https:\/\/senneriffa.de\/#website\"},\"primaryImageOfPage\":{\"@id\":\"https:\/\/senneriffa.de\/mitgliedschaftbesucher\/#primaryimage\"},\"image\":{\"@id\":\"https:\/\/senneriffa.de\/mitgliedschaftbesucher\/#primaryimage\"},\"thumbnailUrl\":\"http:\/\/wordpress.senneriffa.de\/wp-content\/uploads\/2017\/01\/tdot_2017-e1490519148386-300x217.jpg\",\"datePublished\":\"2017-01-02T21:32:50+00:00\",\"dateModified\":\"2025-05-15T21:13:17+00:00\",\"breadcrumb\":{\"@id\":\"https:\/\/senneriffa.de\/mitgliedschaftbesucher\/#breadcrumb\"},\"inLanguage\":\"nl-NL\",\"potentialAction\":[{\"@type\":\"ReadAction\",\"target\":[\"https:\/\/senneriffa.de\/mitgliedschaftbesucher\/\"]}]},{\"@type\":\"ImageObject\",\"inLanguage\":\"nl-NL\",\"@id\":\"https:\/\/senneriffa.de\/mitgliedschaftbesucher\/#primaryimage\",\"url\":\"http:\/\/wordpress.senneriffa.de\/wp-content\/uploads\/2017\/01\/tdot_2017-e1490519148386-300x217.jpg\",\"contentUrl\":\"http:\/\/wordpress.senneriffa.de\/wp-content\/uploads\/2017\/01\/tdot_2017-e1490519148386-300x217.jpg\"},{\"@type\":\"BreadcrumbList\",\"@id\":\"https:\/\/senneriffa.de\/mitgliedschaftbesucher\/#breadcrumb\",\"itemListElement\":[{\"@type\":\"ListItem\",\"position\":1,\"name\":\"Startseite\",\"item\":\"https:\/\/senneriffa.de\/\"},{\"@type\":\"ListItem\",\"position\":2,\"name\":\"Besucher\"}]},{\"@type\":\"WebSite\",\"@id\":\"https:\/\/senneriffa.de\/#website\",\"url\":\"https:\/\/senneriffa.de\/\",\"name\":\"FSG Bielefeld e. V.\",\"description\":\"Familien-Sport-Gemeinschaft\",\"potentialAction\":[{\"@type\":\"SearchAction\",\"target\":{\"@type\":\"EntryPoint\",\"urlTemplate\":\"https:\/\/senneriffa.de\/?s={search_term_string}\"},\"query-input\":{\"@type\":\"PropertyValueSpecification\",\"valueRequired\":true,\"valueName\":\"search_term_string\"}}],\"inLanguage\":\"nl-NL\"}]}<\/script>\n<!-- \/ Yoast SEO plugin. -->","yoast_head_json":{"title":"Besucher - FSG Bielefeld e. V.","robots":{"index":"index","follow":"follow","max-snippet":"max-snippet:-1","max-image-preview":"max-image-preview:large","max-video-preview":"max-video-preview:-1"},"canonical":"https:\/\/senneriffa.de\/mitgliedschaftbesucher\/","og_locale":"nl_NL","og_type":"article","og_title":"Besucher - FSG Bielefeld e. V.","og_description":"Auf Stippvisite in Senneriffa Nicht immer m\u00f6chte man sich sofort zu einer Mitgliedschaft in einem Verein entschlie\u00dfen. Deshalb gibt es f\u00fcr Interessente immer die M\u00f6glichkeit, sich das Gel\u00e4nde unverbindlich und kostenlos anzuschauen. Interessenten und Besucher, die das Gel\u00e4nde in seiner Einzigartigkeit erleben m\u00f6chten, k\u00f6nnen sich als Tagesmitglieder f\u00fcr einen oder mehrere Tage auf dem Gel\u00e4nde aufhalten. Die genauen Kosten entnehme ...","og_url":"https:\/\/senneriffa.de\/mitgliedschaftbesucher\/","og_site_name":"FSG Bielefeld e. V.","article_modified_time":"2025-05-15T21:13:17+00:00","og_image":[{"width":374,"height":270,"url":"https:\/\/senneriffa.de\/wp-content\/uploads\/2017\/01\/tdot_2017-e1490519148386.jpg","type":"image\/jpeg"}],"twitter_card":"summary_large_image","twitter_misc":{"Geschatte leestijd":"1 minuut"},"schema":{"@context":"https:\/\/schema.org","@graph":[{"@type":"WebPage","@id":"https:\/\/senneriffa.de\/mitgliedschaftbesucher\/","url":"https:\/\/senneriffa.de\/mitgliedschaftbesucher\/","name":"Besucher - FSG Bielefeld e. V.","isPartOf":{"@id":"https:\/\/senneriffa.de\/#website"},"primaryImageOfPage":{"@id":"https:\/\/senneriffa.de\/mitgliedschaftbesucher\/#primaryimage"},"image":{"@id":"https:\/\/senneriffa.de\/mitgliedschaftbesucher\/#primaryimage"},"thumbnailUrl":"http:\/\/wordpress.senneriffa.de\/wp-content\/uploads\/2017\/01\/tdot_2017-e1490519148386-300x217.jpg","datePublished":"2017-01-02T21:32:50+00:00","dateModified":"2025-05-15T21:13:17+00:00","breadcrumb":{"@id":"https:\/\/senneriffa.de\/mitgliedschaftbesucher\/#breadcrumb"},"inLanguage":"nl-NL","potentialAction":[{"@type":"ReadAction","target":["https:\/\/senneriffa.de\/mitgliedschaftbesucher\/"]}]},{"@type":"ImageObject","inLanguage":"nl-NL","@id":"https:\/\/senneriffa.de\/mitgliedschaftbesucher\/#primaryimage","url":"http:\/\/wordpress.senneriffa.de\/wp-content\/uploads\/2017\/01\/tdot_2017-e1490519148386-300x217.jpg","contentUrl":"http:\/\/wordpress.senneriffa.de\/wp-content\/uploads\/2017\/01\/tdot_2017-e1490519148386-300x217.jpg"},{"@type":"BreadcrumbList","@id":"https:\/\/senneriffa.de\/mitgliedschaftbesucher\/#breadcrumb","itemListElement":[{"@type":"ListItem","position":1,"name":"Startseite","item":"https:\/\/senneriffa.de\/"},{"@type":"ListItem","position":2,"name":"Besucher"}]},{"@type":"WebSite","@id":"https:\/\/senneriffa.de\/#website","url":"https:\/\/senneriffa.de\/","name":"FSG Bielefeld e. V.","description":"Familien-Sport-Gemeinschaft","potentialAction":[{"@type":"SearchAction","target":{"@type":"EntryPoint","urlTemplate":"https:\/\/senneriffa.de\/?s={search_term_string}"},"query-input":{"@type":"PropertyValueSpecification","valueRequired":true,"valueName":"search_term_string"}}],"inLanguage":"nl-NL"}]}},"_links":{"self":[{"href":"https:\/\/senneriffa.de\/nl\/wp-json\/wp\/v2\/pages\/17","targetHints":{"allow":["GET"]}}],"collection":[{"href":"https:\/\/senneriffa.de\/nl\/wp-json\/wp\/v2\/pages"}],"about":[{"href":"https:\/\/senneriffa.de\/nl\/wp-json\/wp\/v2\/types\/page"}],"author":[{"embeddable":true,"href":"https:\/\/senneriffa.de\/nl\/wp-json\/wp\/v2\/users\/1"}],"replies":[{"embeddable":true,"href":"https:\/\/senneriffa.de\/nl\/wp-json\/wp\/v2\/comments?post=17"}],"version-history":[{"count":22,"href":"https:\/\/senneriffa.de\/nl\/wp-json\/wp\/v2\/pages\/17\/revisions"}],"predecessor-version":[{"id":1682,"href":"https:\/\/senneriffa.de\/nl\/wp-json\/wp\/v2\/pages\/17\/revisions\/1682"}],"wp:attachment":[{"href":"https:\/\/senneriffa.de\/nl\/wp-json\/wp\/v2\/media?parent=17"}],"curies":[{"name":"wp","href":"https:\/\/api.w.org\/{rel}","templated":true}]}}