{"id":762,"date":"2017-05-28T23:43:26","date_gmt":"2017-05-28T21:43:26","guid":{"rendered":"http:\/\/wordpress.senneriffa.de\/?page_id=762"},"modified":"2020-08-01T21:08:35","modified_gmt":"2020-08-01T19:08:35","slug":"ausflugziele","status":"publish","type":"page","link":"https:\/\/senneriffa.de\/en\/mitgliedschaftbesucher\/ausflugziele\/","title":{"rendered":"Excursions"},"content":{"rendered":"The region of OWL provides many opportunities for excursions. Take a closer look at the fhe following examples:<\/p>\n<p><a href=\"http:\/\/www.wasserski-paderborn.de\/\" target=\"_blank\" rel=\"noopener noreferrer\">Wasserski in Paderborn<\/a><\/p>\n<p><a href=\"http:\/\/www.sennegolfclub.de\/\" target=\"_blank\" rel=\"noopener noreferrer\">Senne Golfclub<\/a><\/p>\n<p><a href=\"http:\/\/www.bielefelder-golfclub.de\/\" target=\"_blank\" rel=\"noopener noreferrer\">Bielefelder Golfclub<\/a><\/p>\n<p><a href=\"http:\/\/www.gvnrw.de\/verband.html\">http:\/\/www.gvnrw.de\/verband.html<\/a><\/p>\n<p><a href=\"http:\/\/www.luftsportzentrum-oerlinghausen.de\/\" target=\"_blank\" rel=\"noopener noreferrer\">Luftsportzentrum Oerlinghausen<\/a><\/p>\n<p><a href=\"http:\/\/lippisches-landesmuseum.de\/\" target=\"_blank\" rel=\"noopener noreferrer\">Lippisches Landesmuseum<\/a><\/p>\n<p><a href=\"http:\/\/www.land-des-hermann.de\/nc\/home.html\">http:\/\/www.land-des-hermann.de\/nc\/home.html<\/a><\/p>\n<p><a href=\"http:\/\/www.radroutenplaner.nrw.de\/RRP_karte_01.html\">http:\/\/www.radroutenplaner.nrw.de\/RRP_karte_01.html<\/a><\/p>\n<p><a href=\"http:\/\/bienenschmidt.de\/\">http:\/\/bienenschmidt.de\/<\/a><\/p>\n<p>Klettern in Detmold oder Bielefeld:<\/p>\n<p><a href=\"http:\/\/www.interakteam.de\/\">http:\/\/www.interakteam.de\/<\/a><\/p>\n<p><a href=\"http:\/\/www.reite-in.de\/\">http:\/\/www.reite-in.de\/<\/a><\/p>\n<p>Kanutouren auf der Lippe:<\/p>\n<p><a href=\"http:\/\/www.gamann-kanus.de\/\">http:\/\/www.gamann-kanus.de\/<\/a><\/p>\n<p>Der ber\u00fchmt-ber\u00fcchtigte Hermanns-Lauf, f\u00fcr jeden Marathonl\u00e4ufer eine echte Herausforderung:<\/p>\n<p><a href=\"http:\/\/www.hermannslauf.de\/\">http:\/\/www.hermannslauf.de\/<\/a><\/p>\n<p><a href=\"http:\/\/www.naturpark-teutoburgerwald.de\/\">http:\/\/www.naturpark-teutoburgerwald.de\/<\/a><\/p>\n<p>Das Arch\u00e4ologische Freilichtmuseum Oerlinghausen macht Vorgeschichte lebendig!<\/p>\n<p><a href=\"http:\/\/www.afm-oerlinghausen.de\/\">http:\/\/www.afm-oerlinghausen.de\/<\/a><\/p>\n<p><a href=\"https:\/\/theater-bielefeld.de\/\">https:\/\/theater-bielefeld.de\/<\/a><\/p>\n<p><a href=\"http:\/\/www.landestheater-detmold.de\/\">http:\/\/www.landestheater-detmold.de\/<\/a><\/p>\n<p><a href=\"http:\/\/www.hermannsdenkmal.de\/\">http:\/\/www.hermannsdenkmal.de\/<\/a><\/p>\n<p><a href=\"http:\/\/www.externsteine-info.de\/\">http:\/\/www.externsteine-info.de\/<\/a><\/p>\n<p><a href=\"http:\/\/www.detmold-adlerwarte.de\/\">http:\/\/www.detmold-adlerwarte.de\/<\/a><\/p>\n<p><a href=\"http:\/\/www.seen.de\/lippesee\/\">http:\/\/www.seen.de\/lippesee\/<\/a><\/p>\n<p><a href=\"http:\/\/segelschule-lippesee.info\/startseite.html\">http:\/\/segelschule-lippesee.info\/startseite.html<\/a><\/p>\n<p>&nbsp;<\/p>\n<p>&nbsp;<\/p>\n<p>&nbsp;<\/p>\n<p>&nbsp;<\/p>\n<p>&nbsp;<\/p>\n<p>&nbsp;<\/p>\n<p>&nbsp;<\/p>\n<p>&nbsp;<\/p>\n<p>&nbsp;<\/p>\n<p><a href=\"http:\/\/www.dfk.org\/fkk\/index.php\/startseite\">http:\/\/www.dfk.org\/fkk\/index.php\/startseite<\/a><\/p>\n<p><a href=\"http:\/\/www.fkk-jugend.de\/\">http:\/\/www.fkk-jugend.de\/<\/a><\/p>\n<p>&nbsp;<\/p>\n<p>&nbsp;","protected":false},"excerpt":{"rendered":"<p>The region of OWL provides many opportunities for excursions. Take a closer look at the fhe following examples: Wasserski in Paderborn Senne Golfclub Bielefelder Golfclub http:\/\/www.gvnrw.de\/verband.html Luftsportzentrum Oerlinghausen Lippisches Landesmuseum http:\/\/www.land-des-hermann.de\/nc\/home.html http:\/\/www.radroutenplaner.nrw.de\/RRP_karte_01.html http:\/\/bienenschmidt.de\/ Klettern in Detmold oder Bielefeld: http:\/\/www.interakteam.de\/ http:\/\/www.reite-in.de\/ Kanutouren auf der Lippe: http:\/\/www.gamann-kanus.de\/ Der ber\u00fchmt-ber\u00fcchtigte Hermanns-Lauf, f\u00fcr jeden Marathonl\u00e4ufer eine echte Herausforderung: http:\/\/www.hermannslauf.de\/ http:\/\/www.naturpark-teutoburgerwald.de\/ Das Arch\u00e4ologische Freilichtmuseum Oerlinghausen &#8230;<\/p>\n","protected":false},"author":1,"featured_media":0,"parent":17,"menu_order":0,"comment_status":"closed","ping_status":"closed","template":"","meta":{"rs_blank_template":"","rs_page_bg_color":"#ffffff","slide_template_v7":"","footnotes":""},"class_list":["post-762","page","type-page","status-publish","hentry","no-post-thumbnail"],"yoast_head":"<!-- This site is optimized with the Yoast SEO plugin v27.2 - https:\/\/yoast.com\/product\/yoast-seo-wordpress\/ -->\n<title>Excursions - FSG Bielefeld e. V.<\/title>\n<meta name=\"robots\" content=\"index, follow, max-snippet:-1, max-image-preview:large, max-video-preview:-1\" \/>\n<link rel=\"canonical\" href=\"https:\/\/senneriffa.de\/mitgliedschaftbesucher\/ausflugziele\/\" \/>\n<meta property=\"og:locale\" content=\"en_US\" \/>\n<meta property=\"og:type\" content=\"article\" \/>\n<meta property=\"og:title\" content=\"Excursions - FSG Bielefeld e. V.\" \/>\n<meta property=\"og:description\" content=\"The region of OWL provides many opportunities for excursions. Take a closer look at the fhe following examples: Wasserski in Paderborn Senne Golfclub Bielefelder Golfclub http:\/\/www.gvnrw.de\/verband.html Luftsportzentrum Oerlinghausen Lippisches Landesmuseum http:\/\/www.land-des-hermann.de\/nc\/home.html http:\/\/www.radroutenplaner.nrw.de\/RRP_karte_01.html http:\/\/bienenschmidt.de\/ Klettern in Detmold oder Bielefeld: http:\/\/www.interakteam.de\/ http:\/\/www.reite-in.de\/ Kanutouren auf der Lippe: http:\/\/www.gamann-kanus.de\/ Der ber\u00fchmt-ber\u00fcchtigte Hermanns-Lauf, f\u00fcr jeden Marathonl\u00e4ufer eine echte Herausforderung: http:\/\/www.hermannslauf.de\/ http:\/\/www.naturpark-teutoburgerwald.de\/ Das Arch\u00e4ologische Freilichtmuseum Oerlinghausen ...\" \/>\n<meta property=\"og:url\" content=\"https:\/\/senneriffa.de\/mitgliedschaftbesucher\/ausflugziele\/\" \/>\n<meta property=\"og:site_name\" content=\"FSG Bielefeld e. V.\" \/>\n<meta property=\"article:modified_time\" content=\"2020-08-01T19:08:35+00:00\" \/>\n<meta name=\"twitter:card\" content=\"summary_large_image\" \/>\n<meta name=\"twitter:label1\" content=\"Est. reading time\" \/>\n\t<meta name=\"twitter:data1\" content=\"1 minute\" \/>\n<script type=\"application\/ld+json\" class=\"yoast-schema-graph\">{\"@context\":\"https:\/\/schema.org\",\"@graph\":[{\"@type\":\"WebPage\",\"@id\":\"https:\/\/senneriffa.de\/mitgliedschaftbesucher\/ausflugziele\/\",\"url\":\"https:\/\/senneriffa.de\/mitgliedschaftbesucher\/ausflugziele\/\",\"name\":\"Excursions - FSG Bielefeld e. V.\",\"isPartOf\":{\"@id\":\"https:\/\/senneriffa.de\/#website\"},\"datePublished\":\"2017-05-28T21:43:26+00:00\",\"dateModified\":\"2020-08-01T19:08:35+00:00\",\"breadcrumb\":{\"@id\":\"https:\/\/senneriffa.de\/mitgliedschaftbesucher\/ausflugziele\/#breadcrumb\"},\"inLanguage\":\"en-US\",\"potentialAction\":[{\"@type\":\"ReadAction\",\"target\":[\"https:\/\/senneriffa.de\/mitgliedschaftbesucher\/ausflugziele\/\"]}]},{\"@type\":\"BreadcrumbList\",\"@id\":\"https:\/\/senneriffa.de\/mitgliedschaftbesucher\/ausflugziele\/#breadcrumb\",\"itemListElement\":[{\"@type\":\"ListItem\",\"position\":1,\"name\":\"Startseite\",\"item\":\"https:\/\/senneriffa.de\/\"},{\"@type\":\"ListItem\",\"position\":2,\"name\":\"Besucher\",\"item\":\"https:\/\/senneriffa.de\/mitgliedschaftbesucher\/\"},{\"@type\":\"ListItem\",\"position\":3,\"name\":\"Ausflugziele\"}]},{\"@type\":\"WebSite\",\"@id\":\"https:\/\/senneriffa.de\/#website\",\"url\":\"https:\/\/senneriffa.de\/\",\"name\":\"FSG Bielefeld e. V.\",\"description\":\"Familien-Sport-Gemeinschaft\",\"potentialAction\":[{\"@type\":\"SearchAction\",\"target\":{\"@type\":\"EntryPoint\",\"urlTemplate\":\"https:\/\/senneriffa.de\/?s={search_term_string}\"},\"query-input\":{\"@type\":\"PropertyValueSpecification\",\"valueRequired\":true,\"valueName\":\"search_term_string\"}}],\"inLanguage\":\"en-US\"}]}<\/script>\n<!-- \/ Yoast SEO plugin. -->","yoast_head_json":{"title":"Excursions - FSG Bielefeld e. V.","robots":{"index":"index","follow":"follow","max-snippet":"max-snippet:-1","max-image-preview":"max-image-preview:large","max-video-preview":"max-video-preview:-1"},"canonical":"https:\/\/senneriffa.de\/mitgliedschaftbesucher\/ausflugziele\/","og_locale":"en_US","og_type":"article","og_title":"Excursions - FSG Bielefeld e. V.","og_description":"The region of OWL provides many opportunities for excursions. Take a closer look at the fhe following examples: Wasserski in Paderborn Senne Golfclub Bielefelder Golfclub http:\/\/www.gvnrw.de\/verband.html Luftsportzentrum Oerlinghausen Lippisches Landesmuseum http:\/\/www.land-des-hermann.de\/nc\/home.html http:\/\/www.radroutenplaner.nrw.de\/RRP_karte_01.html http:\/\/bienenschmidt.de\/ Klettern in Detmold oder Bielefeld: http:\/\/www.interakteam.de\/ http:\/\/www.reite-in.de\/ Kanutouren auf der Lippe: http:\/\/www.gamann-kanus.de\/ Der ber\u00fchmt-ber\u00fcchtigte Hermanns-Lauf, f\u00fcr jeden Marathonl\u00e4ufer eine echte Herausforderung: http:\/\/www.hermannslauf.de\/ http:\/\/www.naturpark-teutoburgerwald.de\/ Das Arch\u00e4ologische Freilichtmuseum Oerlinghausen ...","og_url":"https:\/\/senneriffa.de\/mitgliedschaftbesucher\/ausflugziele\/","og_site_name":"FSG Bielefeld e. V.","article_modified_time":"2020-08-01T19:08:35+00:00","twitter_card":"summary_large_image","twitter_misc":{"Est. reading time":"1 minute"},"schema":{"@context":"https:\/\/schema.org","@graph":[{"@type":"WebPage","@id":"https:\/\/senneriffa.de\/mitgliedschaftbesucher\/ausflugziele\/","url":"https:\/\/senneriffa.de\/mitgliedschaftbesucher\/ausflugziele\/","name":"Excursions - FSG Bielefeld e. V.","isPartOf":{"@id":"https:\/\/senneriffa.de\/#website"},"datePublished":"2017-05-28T21:43:26+00:00","dateModified":"2020-08-01T19:08:35+00:00","breadcrumb":{"@id":"https:\/\/senneriffa.de\/mitgliedschaftbesucher\/ausflugziele\/#breadcrumb"},"inLanguage":"en-US","potentialAction":[{"@type":"ReadAction","target":["https:\/\/senneriffa.de\/mitgliedschaftbesucher\/ausflugziele\/"]}]},{"@type":"BreadcrumbList","@id":"https:\/\/senneriffa.de\/mitgliedschaftbesucher\/ausflugziele\/#breadcrumb","itemListElement":[{"@type":"ListItem","position":1,"name":"Startseite","item":"https:\/\/senneriffa.de\/"},{"@type":"ListItem","position":2,"name":"Besucher","item":"https:\/\/senneriffa.de\/mitgliedschaftbesucher\/"},{"@type":"ListItem","position":3,"name":"Ausflugziele"}]},{"@type":"WebSite","@id":"https:\/\/senneriffa.de\/#website","url":"https:\/\/senneriffa.de\/","name":"FSG Bielefeld e. V.","description":"Familien-Sport-Gemeinschaft","potentialAction":[{"@type":"SearchAction","target":{"@type":"EntryPoint","urlTemplate":"https:\/\/senneriffa.de\/?s={search_term_string}"},"query-input":{"@type":"PropertyValueSpecification","valueRequired":true,"valueName":"search_term_string"}}],"inLanguage":"en-US"}]}},"_links":{"self":[{"href":"https:\/\/senneriffa.de\/en\/wp-json\/wp\/v2\/pages\/762","targetHints":{"allow":["GET"]}}],"collection":[{"href":"https:\/\/senneriffa.de\/en\/wp-json\/wp\/v2\/pages"}],"about":[{"href":"https:\/\/senneriffa.de\/en\/wp-json\/wp\/v2\/types\/page"}],"author":[{"embeddable":true,"href":"https:\/\/senneriffa.de\/en\/wp-json\/wp\/v2\/users\/1"}],"replies":[{"embeddable":true,"href":"https:\/\/senneriffa.de\/en\/wp-json\/wp\/v2\/comments?post=762"}],"version-history":[{"count":7,"href":"https:\/\/senneriffa.de\/en\/wp-json\/wp\/v2\/pages\/762\/revisions"}],"predecessor-version":[{"id":1082,"href":"https:\/\/senneriffa.de\/en\/wp-json\/wp\/v2\/pages\/762\/revisions\/1082"}],"up":[{"embeddable":true,"href":"https:\/\/senneriffa.de\/en\/wp-json\/wp\/v2\/pages\/17"}],"wp:attachment":[{"href":"https:\/\/senneriffa.de\/en\/wp-json\/wp\/v2\/media?parent=762"}],"curies":[{"name":"wp","href":"https:\/\/api.w.org\/{rel}","templated":true}]}}